{"id":1431,"date":"2024-11-15T11:04:29","date_gmt":"2024-11-15T11:04:29","guid":{"rendered":"https:\/\/bmkneuro.de\/?page_id=1431"},"modified":"2025-08-18T09:40:13","modified_gmt":"2025-08-18T09:40:13","slug":"mit-uns-arbeiten","status":"publish","type":"page","link":"https:\/\/bmkneuro.de\/en\/about\/mit-uns-arbeiten","title":{"rendered":"Work With Us"},"content":{"rendered":"<div data-elementor-type=\"wp-page\" data-elementor-id=\"1431\" class=\"elementor elementor-1431\">\n\t\t\t\t<div class=\"elementor-element elementor-element-3ac0fa7c e-flex e-con-boxed e-con e-parent\" data-id=\"3ac0fa7c\" data-element_type=\"container\" data-e-type=\"container\" data-settings=\"{&quot;background_background&quot;:&quot;classic&quot;}\">\n\t\t\t\t\t<div class=\"e-con-inner\">\n\t\t<div class=\"elementor-element elementor-element-25eb4296 e-con-full e-flex e-con e-child\" data-id=\"25eb4296\" data-element_type=\"container\" data-e-type=\"container\">\n\t\t\t\t<div class=\"elementor-element elementor-element-5b6b3262 elementor-widget elementor-widget-heading\" data-id=\"5b6b3262\" data-element_type=\"widget\" data-e-type=\"widget\" data-widget_type=\"heading.default\">\n\t\t\t\t<div class=\"elementor-widget-container\">\n\t\t\t\t\t<h1 class=\"elementor-heading-title elementor-size-default\">COME AND WORK WITH US<\/h1>\t\t\t\t<\/div>\n\t\t\t\t<\/div>\n\t\t\t\t<\/div>\n\t\t\t\t\t<\/div>\n\t\t\t\t<\/div>\n\t\t<div class=\"elementor-element elementor-element-584378f9 e-flex e-con-boxed e-con e-parent\" data-id=\"584378f9\" data-element_type=\"container\" data-e-type=\"container\">\n\t\t\t\t\t<div class=\"e-con-inner\">\n\t\t<div class=\"elementor-element elementor-element-4ec1533 e-con-full e-flex e-con e-child\" data-id=\"4ec1533\" data-element_type=\"container\" data-e-type=\"container\" data-settings=\"{&quot;animation_mobile&quot;:&quot;zoomIn&quot;}\">\n\t\t\t\t<div class=\"elementor-element elementor-element-8ad0242 elementor-widget elementor-widget-heading\" data-id=\"8ad0242\" data-element_type=\"widget\" data-e-type=\"widget\" data-widget_type=\"heading.default\">\n\t\t\t\t<div class=\"elementor-widget-container\">\n\t\t\t\t\t<h2 class=\"elementor-heading-title elementor-size-default\">Are you Dedicated, Hardworking, and love to have fun at work? Join Us!<\/h2>\t\t\t\t<\/div>\n\t\t\t\t<\/div>\n\t\t\t\t<div class=\"elementor-element elementor-element-18be1ec9 elementor-drop-cap-yes elementor-drop-cap-view-default elementor-invisible elementor-widget elementor-widget-text-editor\" data-id=\"18be1ec9\" data-element_type=\"widget\" data-e-type=\"widget\" data-settings=\"{&quot;drop_cap&quot;:&quot;yes&quot;,&quot;_animation_mobile&quot;:&quot;zoomIn&quot;,&quot;_animation&quot;:&quot;zoomIn&quot;}\" data-widget_type=\"text-editor.default\">\n\t\t\t\t<div class=\"elementor-widget-container\">\n\t\t\t\t\t\t\t\t\t<p>If you are interested in joining our team, please send us an e-mail or give us a call! We are looking for employees for home visits - preferably in your own neighbourhood - and in the future also in our practice rooms. We offer flexible working hours, in-house training and personal support.<\/p>\t\t\t\t\t\t\t\t<\/div>\n\t\t\t\t<\/div>\n\t\t\t\t<\/div>\n\t\t<div class=\"elementor-element elementor-element-49443ac2 e-con-full e-flex e-con e-child\" data-id=\"49443ac2\" data-element_type=\"container\" data-e-type=\"container\" data-settings=\"{&quot;animation_mobile&quot;:&quot;zoomIn&quot;}\">\n\t\t\t\t<div class=\"elementor-element elementor-element-20cc63a4 elementor-widget elementor-widget-image\" data-id=\"20cc63a4\" data-element_type=\"widget\" data-e-type=\"widget\" data-widget_type=\"image.default\">\n\t\t\t\t<div class=\"elementor-widget-container\">\n\t\t\t\t\t\t\t\t\t\t\t\t\t\t\t<img fetchpriority=\"high\" decoding=\"async\" width=\"1024\" height=\"682\" src=\"https:\/\/bmkneuro.de\/wp-content\/uploads\/2020\/04\/photo-of-people-standing-on-top-of-mountain-near-grasses-733162.jpg\" class=\"attachment-large size-large wp-image-13\" alt=\"\" \/>\t\t\t\t\t\t\t\t\t\t\t\t\t\t\t<\/div>\n\t\t\t\t<\/div>\n\t\t\t\t<\/div>\n\t\t\t\t\t<\/div>\n\t\t\t\t<\/div>\n\t\t<div class=\"elementor-element elementor-element-4e021339 e-flex e-con-boxed e-con e-parent\" data-id=\"4e021339\" data-element_type=\"container\" data-e-type=\"container\">\n\t\t\t\t\t<div class=\"e-con-inner\">\n\t\t\t\t<div class=\"elementor-element elementor-element-e5e3138 elementor-widget elementor-widget-heading\" data-id=\"e5e3138\" data-element_type=\"widget\" data-e-type=\"widget\" data-widget_type=\"heading.default\">\n\t\t\t\t<div class=\"elementor-widget-container\">\n\t\t\t\t\t<h2 class=\"elementor-heading-title elementor-size-default\">Current positions available<\/h2>\t\t\t\t<\/div>\n\t\t\t\t<\/div>\n\t\t\t\t<div class=\"elementor-element elementor-element-120d1aa4 elementor-widget elementor-widget-text-editor\" data-id=\"120d1aa4\" data-element_type=\"widget\" data-e-type=\"widget\" data-widget_type=\"text-editor.default\">\n\t\t\t\t<div class=\"elementor-widget-container\">\n\t\t\t\t\t\t\t\t\t<p><strong>Physiotherpie Jobs \/ Stellen<\/strong><\/p><p><strong>Minijobber<\/strong> &#8211; f\u00fcr neurologische Physiotherapie Hausbesuche.<\/p><ul><li>1 hour session with your clients<\/li><li>Regular peer support sessions<\/li><li>Independent work scheduling and flexible working hours (you manage your own diary)<\/li><\/ul>\t\t\t\t\t\t\t\t<\/div>\n\t\t\t\t<\/div>\n\t\t\t\t\t<\/div>\n\t\t\t\t<\/div>\n\t\t<div class=\"elementor-element elementor-element-3f0a3eb e-flex e-con-boxed e-con e-parent\" data-id=\"3f0a3eb\" data-element_type=\"container\" data-e-type=\"container\">\n\t\t\t\t\t<div class=\"e-con-inner\">\n\t\t\t\t<div class=\"elementor-element elementor-element-2ea6225 elementor-align-center elementor-widget__width-inherit elementor-widget elementor-widget-button\" data-id=\"2ea6225\" data-element_type=\"widget\" data-e-type=\"widget\" data-widget_type=\"button.default\">\n\t\t\t\t<div class=\"elementor-widget-container\">\n\t\t\t\t\t\t\t\t\t<div class=\"elementor-button-wrapper\">\n\t\t\t\t\t<a class=\"elementor-button elementor-button-link elementor-size-sm\" href=\"https:\/\/bmkneuro.de\/en\/contact\/\">\n\t\t\t\t\t\t<span class=\"elementor-button-content-wrapper\">\n\t\t\t\t\t\t\t\t\t<span class=\"elementor-button-text\">Make An Enquiry<\/span>\n\t\t\t\t\t<\/span>\n\t\t\t\t\t<\/a>\n\t\t\t\t<\/div>\n\t\t\t\t\t\t\t\t<\/div>\n\t\t\t\t<\/div>\n\t\t\t\t\t<\/div>\n\t\t\t\t<\/div>\n\t\t\t\t<\/div>","protected":false},"excerpt":{"rendered":"<p>KOMM UND ARBEITE F\u00dcR UNS Bist du engagiert, flei\u00dfig und hast Spa\u00df an der Arbeit? Komm zu uns! Wenn du Interesse hast, unser Team zu erweitern, schreib uns bitte eine E-Mail oder ruf uns an! Wir suchen Mitarbeiter f\u00fcr Hausbesuche \u2013 gerne in deiner eigenen Umgebung \u2013 und in Zukunft auch in unseren Praxis-R\u00e4umen. Wir [&hellip;]<\/p>","protected":false},"author":1,"featured_media":0,"parent":31,"menu_order":2,"comment_status":"closed","ping_status":"closed","template":"","meta":{"site-sidebar-layout":"no-sidebar","site-content-layout":"page-builder","ast-site-content-layout":"full-width-container","site-content-style":"unboxed","site-sidebar-style":"unboxed","ast-global-header-display":"","ast-banner-title-visibility":"","ast-main-header-display":"","ast-hfb-above-header-display":"","ast-hfb-below-header-display":"","ast-hfb-mobile-header-display":"","site-post-title":"disabled","ast-breadcrumbs-content":"","ast-featured-img":"disabled","footer-sml-layout":"","ast-disable-related-posts":"","theme-transparent-header-meta":"","adv-header-id-meta":"","stick-header-meta":"","header-above-stick-meta":"","header-main-stick-meta":"","header-below-stick-meta":"","astra-migrate-meta-layouts":"set","ast-page-background-enabled":"default","ast-page-background-meta":{"desktop":{"background-color":"","background-image":"","background-repeat":"repeat","background-position":"center center","background-size":"auto","background-attachment":"scroll","background-type":"","background-media":"","overlay-type":"","overlay-color":"","overlay-opacity":"","overlay-gradient":""},"tablet":{"background-color":"","background-image":"","background-repeat":"repeat","background-position":"center center","background-size":"auto","background-attachment":"scroll","background-type":"","background-media":"","overlay-type":"","overlay-color":"","overlay-opacity":"","overlay-gradient":""},"mobile":{"background-color":"","background-image":"","background-repeat":"repeat","background-position":"center center","background-size":"auto","background-attachment":"scroll","background-type":"","background-media":"","overlay-type":"","overlay-color":"","overlay-opacity":"","overlay-gradient":""}},"ast-content-background-meta":{"desktop":{"background-color":"var(--ast-global-color-5)","background-image":"","background-repeat":"repeat","background-position":"center center","background-size":"auto","background-attachment":"scroll","background-type":"","background-media":"","overlay-type":"","overlay-color":"","overlay-opacity":"","overlay-gradient":""},"tablet":{"background-color":"var(--ast-global-color-5)","background-image":"","background-repeat":"repeat","background-position":"center center","background-size":"auto","background-attachment":"scroll","background-type":"","background-media":"","overlay-type":"","overlay-color":"","overlay-opacity":"","overlay-gradient":""},"mobile":{"background-color":"var(--ast-global-color-5)","background-image":"","background-repeat":"repeat","background-position":"center center","background-size":"auto","background-attachment":"scroll","background-type":"","background-media":"","overlay-type":"","overlay-color":"","overlay-opacity":"","overlay-gradient":""}},"footnotes":""},"class_list":["post-1431","page","type-page","status-publish","hentry"],"yoast_head":"<!-- This site is optimized with the Yoast SEO plugin v27.4 - https:\/\/yoast.com\/product\/yoast-seo-wordpress\/ -->\n<title>MIT UNS ARBEITEN - BMK Neuro Physio<\/title>\n<meta name=\"description\" content=\"Wir suchen Mitarbeiter f\u00fcr Hausbesuche \u2013 gerne in deiner eigenen Umgebung. Wir bieten flexible Arbeitszeiten, interne Schulungen...\" \/>\n<meta name=\"robots\" content=\"index, follow, max-snippet:-1, max-image-preview:large, max-video-preview:-1\" \/>\n<link rel=\"canonical\" href=\"https:\/\/bmkneuro.de\/en\/about\/mit-uns-arbeiten\/\" \/>\n<meta property=\"og:locale\" content=\"en_US\" \/>\n<meta property=\"og:type\" content=\"article\" \/>\n<meta property=\"og:title\" content=\"MIT UNS ARBEITEN - BMK Neuro Physio\" \/>\n<meta property=\"og:description\" content=\"Wir suchen Mitarbeiter f\u00fcr Hausbesuche \u2013 gerne in deiner eigenen Umgebung. Wir bieten flexible Arbeitszeiten, interne Schulungen...\" \/>\n<meta property=\"og:url\" content=\"https:\/\/bmkneuro.de\/en\/about\/mit-uns-arbeiten\/\" \/>\n<meta property=\"og:site_name\" content=\"BMK Neuro Physio\" \/>\n<meta property=\"article:modified_time\" content=\"2025-08-18T09:40:13+00:00\" \/>\n<meta property=\"og:image\" content=\"https:\/\/bmkneuro.de\/wp-content\/uploads\/2020\/04\/photo-of-people-standing-on-top-of-mountain-near-grasses-733162.jpg\" \/>\n<meta name=\"twitter:card\" content=\"summary_large_image\" \/>\n<meta name=\"twitter:label1\" content=\"Est. reading time\" \/>\n\t<meta name=\"twitter:data1\" content=\"1 minute\" \/>\n<script type=\"application\/ld+json\" class=\"yoast-schema-graph\">{\"@context\":\"https:\\\/\\\/schema.org\",\"@graph\":[{\"@type\":\"WebPage\",\"@id\":\"https:\\\/\\\/bmkneuro.de\\\/about\\\/mit-uns-arbeiten\",\"url\":\"https:\\\/\\\/bmkneuro.de\\\/about\\\/mit-uns-arbeiten\",\"name\":\"MIT UNS ARBEITEN - BMK Neuro Physio\",\"isPartOf\":{\"@id\":\"https:\\\/\\\/bmkneuro.de\\\/#website\"},\"primaryImageOfPage\":{\"@id\":\"https:\\\/\\\/bmkneuro.de\\\/about\\\/mit-uns-arbeiten#primaryimage\"},\"image\":{\"@id\":\"https:\\\/\\\/bmkneuro.de\\\/about\\\/mit-uns-arbeiten#primaryimage\"},\"thumbnailUrl\":\"https:\\\/\\\/bmkneuro.de\\\/wp-content\\\/uploads\\\/2020\\\/04\\\/photo-of-people-standing-on-top-of-mountain-near-grasses-733162.jpg\",\"datePublished\":\"2024-11-15T11:04:29+00:00\",\"dateModified\":\"2025-08-18T09:40:13+00:00\",\"description\":\"Wir suchen Mitarbeiter f\u00fcr Hausbesuche \u2013 gerne in deiner eigenen Umgebung. Wir bieten flexible Arbeitszeiten, interne Schulungen...\",\"breadcrumb\":{\"@id\":\"https:\\\/\\\/bmkneuro.de\\\/about\\\/mit-uns-arbeiten#breadcrumb\"},\"inLanguage\":\"en-AU\",\"potentialAction\":[{\"@type\":\"ReadAction\",\"target\":[\"https:\\\/\\\/bmkneuro.de\\\/about\\\/mit-uns-arbeiten\"]}]},{\"@type\":\"ImageObject\",\"inLanguage\":\"en-AU\",\"@id\":\"https:\\\/\\\/bmkneuro.de\\\/about\\\/mit-uns-arbeiten#primaryimage\",\"url\":\"https:\\\/\\\/bmkneuro.de\\\/wp-content\\\/uploads\\\/2020\\\/04\\\/photo-of-people-standing-on-top-of-mountain-near-grasses-733162.jpg\",\"contentUrl\":\"https:\\\/\\\/bmkneuro.de\\\/wp-content\\\/uploads\\\/2020\\\/04\\\/photo-of-people-standing-on-top-of-mountain-near-grasses-733162.jpg\"},{\"@type\":\"BreadcrumbList\",\"@id\":\"https:\\\/\\\/bmkneuro.de\\\/about\\\/mit-uns-arbeiten#breadcrumb\",\"itemListElement\":[{\"@type\":\"ListItem\",\"position\":1,\"name\":\"Home\",\"item\":\"https:\\\/\\\/bmkneuro.de\\\/\"},{\"@type\":\"ListItem\",\"position\":2,\"name\":\"About\",\"item\":\"https:\\\/\\\/bmkneuro.de\\\/about\"},{\"@type\":\"ListItem\",\"position\":3,\"name\":\"MIT UNS ARBEITEN\"}]},{\"@type\":\"WebSite\",\"@id\":\"https:\\\/\\\/bmkneuro.de\\\/#website\",\"url\":\"https:\\\/\\\/bmkneuro.de\\\/\",\"name\":\"BMK Neuro Physio\",\"description\":\"Neurologische Physiotherapie\",\"publisher\":{\"@id\":\"https:\\\/\\\/bmkneuro.de\\\/#organization\"},\"alternateName\":\"BMK Neuro, Neuro Physio, Physio\",\"potentialAction\":[{\"@type\":\"SearchAction\",\"target\":{\"@type\":\"EntryPoint\",\"urlTemplate\":\"https:\\\/\\\/bmkneuro.de\\\/?s={search_term_string}\"},\"query-input\":{\"@type\":\"PropertyValueSpecification\",\"valueRequired\":true,\"valueName\":\"search_term_string\"}}],\"inLanguage\":\"en-AU\"},{\"@type\":\"Organization\",\"@id\":\"https:\\\/\\\/bmkneuro.de\\\/#organization\",\"name\":\"BMK Neuro Physio\",\"alternateName\":\"BMK Neuro; Neuro Physio; Neurological Physiotherapy; Physiotherapy; Neurologische; Neurologische Physiotherapie, Physio Bad T\u00f6lz, Bobath Physio, Praxis Bad T\u00f6lz, Krankengzmnastik\",\"url\":\"https:\\\/\\\/bmkneuro.de\\\/\",\"logo\":{\"@type\":\"ImageObject\",\"inLanguage\":\"en-AU\",\"@id\":\"https:\\\/\\\/bmkneuro.de\\\/#\\\/schema\\\/logo\\\/image\\\/\",\"url\":\"https:\\\/\\\/bmkneuro.de\\\/wp-content\\\/uploads\\\/2024\\\/12\\\/Kanagroo-only-512x512-1.svg\",\"contentUrl\":\"https:\\\/\\\/bmkneuro.de\\\/wp-content\\\/uploads\\\/2024\\\/12\\\/Kanagroo-only-512x512-1.svg\",\"width\":512,\"height\":512,\"caption\":\"BMK Neuro Physio\"},\"image\":{\"@id\":\"https:\\\/\\\/bmkneuro.de\\\/#\\\/schema\\\/logo\\\/image\\\/\"},\"sameAs\":[\"https:\\\/\\\/www.instagram.com\\\/bmkneurophysio\\\/profilecard\\\/?igsh=MTJ1cWQza2t0andiaQ\"]}]}<\/script>\n<!-- \/ Yoast SEO plugin. -->","yoast_head_json":{"title":"MIT UNS ARBEITEN - BMK Neuro Physio","description":"Wir suchen Mitarbeiter f\u00fcr Hausbesuche \u2013 gerne in deiner eigenen Umgebung. Wir bieten flexible Arbeitszeiten, interne Schulungen...","robots":{"index":"index","follow":"follow","max-snippet":"max-snippet:-1","max-image-preview":"max-image-preview:large","max-video-preview":"max-video-preview:-1"},"canonical":"https:\/\/bmkneuro.de\/en\/about\/mit-uns-arbeiten\/","og_locale":"en_US","og_type":"article","og_title":"MIT UNS ARBEITEN - BMK Neuro Physio","og_description":"Wir suchen Mitarbeiter f\u00fcr Hausbesuche \u2013 gerne in deiner eigenen Umgebung. Wir bieten flexible Arbeitszeiten, interne Schulungen...","og_url":"https:\/\/bmkneuro.de\/en\/about\/mit-uns-arbeiten\/","og_site_name":"BMK Neuro Physio","article_modified_time":"2025-08-18T09:40:13+00:00","og_image":[{"url":"https:\/\/bmkneuro.de\/wp-content\/uploads\/2020\/04\/photo-of-people-standing-on-top-of-mountain-near-grasses-733162.jpg","type":"","width":"","height":""}],"twitter_card":"summary_large_image","twitter_misc":{"Est. reading time":"1 minute"},"schema":{"@context":"https:\/\/schema.org","@graph":[{"@type":"WebPage","@id":"https:\/\/bmkneuro.de\/about\/mit-uns-arbeiten","url":"https:\/\/bmkneuro.de\/about\/mit-uns-arbeiten","name":"MIT UNS ARBEITEN - BMK Neuro Physio","isPartOf":{"@id":"https:\/\/bmkneuro.de\/#website"},"primaryImageOfPage":{"@id":"https:\/\/bmkneuro.de\/about\/mit-uns-arbeiten#primaryimage"},"image":{"@id":"https:\/\/bmkneuro.de\/about\/mit-uns-arbeiten#primaryimage"},"thumbnailUrl":"https:\/\/bmkneuro.de\/wp-content\/uploads\/2020\/04\/photo-of-people-standing-on-top-of-mountain-near-grasses-733162.jpg","datePublished":"2024-11-15T11:04:29+00:00","dateModified":"2025-08-18T09:40:13+00:00","description":"Wir suchen Mitarbeiter f\u00fcr Hausbesuche \u2013 gerne in deiner eigenen Umgebung. Wir bieten flexible Arbeitszeiten, interne Schulungen...","breadcrumb":{"@id":"https:\/\/bmkneuro.de\/about\/mit-uns-arbeiten#breadcrumb"},"inLanguage":"en-AU","potentialAction":[{"@type":"ReadAction","target":["https:\/\/bmkneuro.de\/about\/mit-uns-arbeiten"]}]},{"@type":"ImageObject","inLanguage":"en-AU","@id":"https:\/\/bmkneuro.de\/about\/mit-uns-arbeiten#primaryimage","url":"https:\/\/bmkneuro.de\/wp-content\/uploads\/2020\/04\/photo-of-people-standing-on-top-of-mountain-near-grasses-733162.jpg","contentUrl":"https:\/\/bmkneuro.de\/wp-content\/uploads\/2020\/04\/photo-of-people-standing-on-top-of-mountain-near-grasses-733162.jpg"},{"@type":"BreadcrumbList","@id":"https:\/\/bmkneuro.de\/about\/mit-uns-arbeiten#breadcrumb","itemListElement":[{"@type":"ListItem","position":1,"name":"Home","item":"https:\/\/bmkneuro.de\/"},{"@type":"ListItem","position":2,"name":"About","item":"https:\/\/bmkneuro.de\/about"},{"@type":"ListItem","position":3,"name":"MIT UNS ARBEITEN"}]},{"@type":"WebSite","@id":"https:\/\/bmkneuro.de\/#website","url":"https:\/\/bmkneuro.de\/","name":"BMK Neuro Physio","description":"Neurologische Physiotherapie","publisher":{"@id":"https:\/\/bmkneuro.de\/#organization"},"alternateName":"BMK Neuro, Neuro Physio, Physio","potentialAction":[{"@type":"SearchAction","target":{"@type":"EntryPoint","urlTemplate":"https:\/\/bmkneuro.de\/?s={search_term_string}"},"query-input":{"@type":"PropertyValueSpecification","valueRequired":true,"valueName":"search_term_string"}}],"inLanguage":"en-AU"},{"@type":"Organization","@id":"https:\/\/bmkneuro.de\/#organization","name":"BMK Neuro Physio","alternateName":"BMK Neuro; Neuro Physio; Neurological Physiotherapy; Physiotherapy; Neurologische; Neurologische Physiotherapie, Physio Bad T\u00f6lz, Bobath Physio, Praxis Bad T\u00f6lz, Krankengzmnastik","url":"https:\/\/bmkneuro.de\/","logo":{"@type":"ImageObject","inLanguage":"en-AU","@id":"https:\/\/bmkneuro.de\/#\/schema\/logo\/image\/","url":"https:\/\/bmkneuro.de\/wp-content\/uploads\/2024\/12\/Kanagroo-only-512x512-1.svg","contentUrl":"https:\/\/bmkneuro.de\/wp-content\/uploads\/2024\/12\/Kanagroo-only-512x512-1.svg","width":512,"height":512,"caption":"BMK Neuro Physio"},"image":{"@id":"https:\/\/bmkneuro.de\/#\/schema\/logo\/image\/"},"sameAs":["https:\/\/www.instagram.com\/bmkneurophysio\/profilecard\/?igsh=MTJ1cWQza2t0andiaQ"]}]}},"_links":{"self":[{"href":"https:\/\/bmkneuro.de\/en\/wp-json\/wp\/v2\/pages\/1431","targetHints":{"allow":["GET"]}}],"collection":[{"href":"https:\/\/bmkneuro.de\/en\/wp-json\/wp\/v2\/pages"}],"about":[{"href":"https:\/\/bmkneuro.de\/en\/wp-json\/wp\/v2\/types\/page"}],"author":[{"embeddable":true,"href":"https:\/\/bmkneuro.de\/en\/wp-json\/wp\/v2\/users\/1"}],"replies":[{"embeddable":true,"href":"https:\/\/bmkneuro.de\/en\/wp-json\/wp\/v2\/comments?post=1431"}],"version-history":[{"count":78,"href":"https:\/\/bmkneuro.de\/en\/wp-json\/wp\/v2\/pages\/1431\/revisions"}],"predecessor-version":[{"id":3584,"href":"https:\/\/bmkneuro.de\/en\/wp-json\/wp\/v2\/pages\/1431\/revisions\/3584"}],"up":[{"embeddable":true,"href":"https:\/\/bmkneuro.de\/en\/wp-json\/wp\/v2\/pages\/31"}],"wp:attachment":[{"href":"https:\/\/bmkneuro.de\/en\/wp-json\/wp\/v2\/media?parent=1431"}],"curies":[{"name":"wp","href":"https:\/\/api.w.org\/{rel}","templated":true}]}}